{"id":317,"date":"2022-08-09T14:59:36","date_gmt":"2022-08-09T11:59:36","guid":{"rendered":"https:\/\/www.flexcopper.com\/?page_id=317"},"modified":"2022-12-20T14:38:52","modified_gmt":"2022-12-20T11:38:52","slug":"iletisim","status":"publish","type":"page","link":"https:\/\/www.flexcopper.com\/tr\/iletisim\/","title":{"rendered":"\u0130leti\u015fim T\u00fcrk\u00e7e"},"content":{"rendered":"","protected":false},"excerpt":{"rendered":"","protected":false},"author":1,"featured_media":0,"parent":0,"menu_order":0,"comment_status":"closed","ping_status":"closed","template":"","meta":{"footnotes":""},"class_list":["post-317","page","type-page","status-publish","hentry"],"jetpack-related-posts":[],"jetpack_sharing_enabled":true,"_links":{"self":[{"href":"https:\/\/www.flexcopper.com\/tr\/wp-json\/wp\/v2\/pages\/317","targetHints":{"allow":["GET"]}}],"collection":[{"href":"https:\/\/www.flexcopper.com\/tr\/wp-json\/wp\/v2\/pages"}],"about":[{"href":"https:\/\/www.flexcopper.com\/tr\/wp-json\/wp\/v2\/types\/page"}],"author":[{"embeddable":true,"href":"https:\/\/www.flexcopper.com\/tr\/wp-json\/wp\/v2\/users\/1"}],"replies":[{"embeddable":true,"href":"https:\/\/www.flexcopper.com\/tr\/wp-json\/wp\/v2\/comments?post=317"}],"version-history":[{"count":1,"href":"https:\/\/www.flexcopper.com\/tr\/wp-json\/wp\/v2\/pages\/317\/revisions"}],"predecessor-version":[{"id":318,"href":"https:\/\/www.flexcopper.com\/tr\/wp-json\/wp\/v2\/pages\/317\/revisions\/318"}],"wp:attachment":[{"href":"https:\/\/www.flexcopper.com\/tr\/wp-json\/wp\/v2\/media?parent=317"}],"curies":[{"name":"wp","href":"https:\/\/api.w.org\/{rel}","templated":true}]}}